{"id":98,"date":"2016-12-06T10:25:44","date_gmt":"2016-12-06T09:25:44","guid":{"rendered":"http:\/\/www.ski-club-wissen.de\/wordpress\/?page_id=98"},"modified":"2018-12-24T12:31:49","modified_gmt":"2018-12-24T11:31:49","slug":"historie","status":"publish","type":"page","link":"https:\/\/www.ski-club-wissen.de\/wordpress\/historie\/","title":{"rendered":"Chronik"},"content":{"rendered":"<p>&nbsp;<\/p>\n<p><img loading=\"lazy\" decoding=\"async\" class=\"alignleft size-full wp-image-48\" src=\"http:\/\/www.ski-club-wissen.de\/wordpress\/wp-content\/uploads\/2016\/12\/favicon.png\" alt=\"\" width=\"50\" height=\"50\"><strong>Geschichte und Entwicklung<\/strong><\/p>\n<p>&nbsp;<\/p>\n<p>Als Anfang der 50-er Jahre sich interessierte Sportler regelm\u00e4\u00dfig zur Aus\u00fcbung des Skilaufs trafen, lag es nahe, dass man dieses in Gemeinschaft eines Vereins aus\u00fcben wollte.<\/p>\n<p>Ein Mann der ersten Stunde und federf\u00fchrend hierbei war Karl Stock. Durch seine gro\u00dfe Erfahrung, die er als Ausbilder bei den Gebirgsj\u00e4gern in der Steiermark, Polen, Norwegen und dem damaligen Jugoslawien gesammelt hatte, konnte er den L\u00e4ufern Grundkenntnisse vermitteln, Techniken verbessern bzw. perfektionieren.<\/p>\n<p>Es war fast selbstverst\u00e4ndlich, dass die 28 Personen, die sich am 6. Februar 1953 in der Gastst\u00e4te Fuchs (heute Eckschank) zur Bildung eines Vereins trafen, den Hauptinitiator Karl Stock zum 1. Vorsitzenden des Vereins w\u00e4hlten. Ihm zur Seite wurden weitere Vorstandsmitglieder gew\u00e4hlt:<\/p>\n<p>Kassiererin: Trudel Brendebach<br \/>\nSchriftf\u00fchrer: Arno Stahl<br \/>\nLehrwart: Kurt Kimmel<br \/>\nJugendwart: Karl Fuchs<\/p>\n<p>Das Interesse am Skisport wurde immer gr\u00f6\u00dfer und so wuchs die Anzahl der Mitglieder recht schnell. Nat\u00fcrlich war die Ausr\u00fcstung noch recht einfach. Skier aus ehemaligen Wehrmachtsbest\u00e4nden hatten einen hohen Stellenwert und selbst gemachte Skier waren keine Seltenheit.<\/p>\n<p>Nat\u00fcrlich ging es auch im Skilauf noch recht gem\u00fctlich zu. Die Touristik, das Wandern auf den geliebten H\u00f6lzern, stand im Vordergrund. Abfahrtslauf und Langlauf mit dem gleichen Sportger\u00e4t war auch nur deshalb m\u00f6glich, weil die Beschaffenheit von Schuhe und Bindung dieses noch zulie\u00dfen.<\/p>\n<figure id=\"attachment_1205\" aria-describedby=\"caption-attachment-1205\" style=\"width: 500px\" class=\"wp-caption alignnone\"><img loading=\"lazy\" decoding=\"async\" class=\"wp-image-1205\" src=\"http:\/\/www.ski-club-wissen.de\/wordpress\/wp-content\/uploads\/2018\/12\/Scan_Pic0005-300x195.jpg\" alt=\"\" width=\"500\" height=\"325\" srcset=\"https:\/\/www.ski-club-wissen.de\/wordpress\/wp-content\/uploads\/2018\/12\/Scan_Pic0005-300x195.jpg 300w, https:\/\/www.ski-club-wissen.de\/wordpress\/wp-content\/uploads\/2018\/12\/Scan_Pic0005-768x499.jpg 768w, https:\/\/www.ski-club-wissen.de\/wordpress\/wp-content\/uploads\/2018\/12\/Scan_Pic0005-540x350.jpg 540w, https:\/\/www.ski-club-wissen.de\/wordpress\/wp-content\/uploads\/2018\/12\/Scan_Pic0005.jpg 821w\" sizes=\"auto, (max-width: 500px) 100vw, 500px\" \/><figcaption id=\"caption-attachment-1205\" class=\"wp-caption-text\">Tourenl\u00e4ufer 1954<\/figcaption><\/figure>\n<p>Konnte der geliebte Sport auf heimischen Gel\u00e4nde mangels Schnee nicht ausge\u00fcbt werden, so wurden mit Bahn oder Bus der Stegskopf, die Fuchskaute oder das Sauerland besucht.<\/p>\n<p>Nat\u00fcrlich gab es auch hier noch keine Aufstiegshilfen und so wurden die &#8222;Bretter&#8220; nach erfolgreicher Abfahrt geschultert und m\u00fchsam wieder zum Start geschleppt. Vielleicht lag es an dieser k\u00f6rperlichen Ert\u00fcchtigung, dass die korpulenten Skifahrer fr\u00fcher die Ausnahme auf den Pisten waren.<\/p>\n<figure id=\"attachment_1206\" aria-describedby=\"caption-attachment-1206\" style=\"width: 500px\" class=\"wp-caption alignnone\"><img loading=\"lazy\" decoding=\"async\" class=\"wp-image-1206\" src=\"http:\/\/www.ski-club-wissen.de\/wordpress\/wp-content\/uploads\/2018\/12\/Scan_Pic0006.jpg\" alt=\"\" width=\"500\" height=\"357\" srcset=\"https:\/\/www.ski-club-wissen.de\/wordpress\/wp-content\/uploads\/2018\/12\/Scan_Pic0006.jpg 823w, https:\/\/www.ski-club-wissen.de\/wordpress\/wp-content\/uploads\/2018\/12\/Scan_Pic0006-300x214.jpg 300w, https:\/\/www.ski-club-wissen.de\/wordpress\/wp-content\/uploads\/2018\/12\/Scan_Pic0006-768x549.jpg 768w\" sizes=\"auto, (max-width: 500px) 100vw, 500px\" \/><figcaption id=\"caption-attachment-1206\" class=\"wp-caption-text\">Neuastenberg &#8211; Posthang &#8211; 1959<\/figcaption><\/figure>\n<p>Neben dem Abfahrts und Langlauf entwickelte sich ein Interesse am Skispringen. Auf selbst gebauten Bretterger\u00fcsten, die mit Schnee pr\u00e4pariert waren, &#8222;flogen&#8220; die Mutigsten 12,50 m weit.<br \/>\nDieses machte nicht nur den Springern Spa\u00df, sondern Hunderte von Zuschauern beobachteten das Spektakel. Diese Riesens\u00e4tze motivierten die &#8222;Adler&#8220; zu gr\u00f6\u00dferen Weiten. Deshalb plante man eine Sprungschanze mit einem richtigen Anlaufturm.<\/p>\n<figure id=\"attachment_1208\" aria-describedby=\"caption-attachment-1208\" style=\"width: 500px\" class=\"wp-caption alignleft\"><img loading=\"lazy\" decoding=\"async\" class=\"wp-image-1208\" src=\"http:\/\/www.ski-club-wissen.de\/wordpress\/wp-content\/uploads\/2018\/12\/Scan_Pic0008.jpg\" alt=\"\" width=\"500\" height=\"298\" srcset=\"https:\/\/www.ski-club-wissen.de\/wordpress\/wp-content\/uploads\/2018\/12\/Scan_Pic0008.jpg 846w, https:\/\/www.ski-club-wissen.de\/wordpress\/wp-content\/uploads\/2018\/12\/Scan_Pic0008-300x179.jpg 300w, https:\/\/www.ski-club-wissen.de\/wordpress\/wp-content\/uploads\/2018\/12\/Scan_Pic0008-768x458.jpg 768w\" sizes=\"auto, (max-width: 500px) 100vw, 500px\" \/><figcaption id=\"caption-attachment-1208\" class=\"wp-caption-text\">Ein solcher Riesensatz will erst mal gestanden sein!<\/figcaption><\/figure>\n<figure id=\"attachment_1207\" aria-describedby=\"caption-attachment-1207\" style=\"width: 298px\" class=\"wp-caption alignleft\"><img loading=\"lazy\" decoding=\"async\" class=\"wp-image-1207\" src=\"http:\/\/www.ski-club-wissen.de\/wordpress\/wp-content\/uploads\/2018\/12\/Scan_Pic0007.jpg\" alt=\"\" width=\"298\" height=\"502\" srcset=\"https:\/\/www.ski-club-wissen.de\/wordpress\/wp-content\/uploads\/2018\/12\/Scan_Pic0007.jpg 820w, https:\/\/www.ski-club-wissen.de\/wordpress\/wp-content\/uploads\/2018\/12\/Scan_Pic0007-178x300.jpg 178w, https:\/\/www.ski-club-wissen.de\/wordpress\/wp-content\/uploads\/2018\/12\/Scan_Pic0007-768x1293.jpg 768w, https:\/\/www.ski-club-wissen.de\/wordpress\/wp-content\/uploads\/2018\/12\/Scan_Pic0007-608x1024.jpg 608w\" sizes=\"auto, (max-width: 298px) 100vw, 298px\" \/><figcaption id=\"caption-attachment-1207\" class=\"wp-caption-text\">1955 fliegen die Adler !<\/figcaption><\/figure>\n<p>&nbsp;<\/p>\n<p>&nbsp;<\/p>\n<p>&nbsp;<\/p>\n<p>&nbsp;<\/p>\n<p>&nbsp;<\/p>\n<p>&nbsp;<\/p>\n<p>&nbsp;<\/p>\n<p>&nbsp;<\/p>\n<p>&nbsp;<\/p>\n<p>&nbsp;<\/p>\n<p>&nbsp;<\/p>\n<p>&nbsp;<\/p>\n<p>&nbsp;<\/p>\n<p>&nbsp;<\/p>\n<p>&nbsp;<\/p>\n<p>&nbsp;<\/p>\n<p>&nbsp;<\/p>\n<p>Ja man hatte viel vor!<br \/>\nDie Neigung des Anlaufs sollte 38 Grad betragen und der &#8222;Kritische Punkt&#8220; bei 23 Meter liegen. Der Hang bei &#8222;Orthens scheefe Wiss&#8220; war bereits vermessen, die Grundst\u00fccksfrage geregelt und die Zeichnung auch schon fertig. Doch die zur Genehmigung an den DSV geschickte Zeichnung verschwand. Die Zeit zog ins Land und das Interesse an diesem Projekt ging wieder verloren.<\/p>\n<figure id=\"attachment_1192\" aria-describedby=\"caption-attachment-1192\" style=\"width: 500px\" class=\"wp-caption alignnone\"><img loading=\"lazy\" decoding=\"async\" class=\"wp-image-1192\" src=\"http:\/\/www.ski-club-wissen.de\/wordpress\/wp-content\/uploads\/2018\/12\/Scan_Pic0009-300x168.jpg\" alt=\"\" width=\"500\" height=\"279\" srcset=\"https:\/\/www.ski-club-wissen.de\/wordpress\/wp-content\/uploads\/2018\/12\/Scan_Pic0009-300x168.jpg 300w, https:\/\/www.ski-club-wissen.de\/wordpress\/wp-content\/uploads\/2018\/12\/Scan_Pic0009-768x429.jpg 768w, https:\/\/www.ski-club-wissen.de\/wordpress\/wp-content\/uploads\/2018\/12\/Scan_Pic0009.jpg 861w\" sizes=\"auto, (max-width: 500px) 100vw, 500px\" \/><figcaption id=\"caption-attachment-1192\" class=\"wp-caption-text\">Sprungschanze Wissen<\/figcaption><\/figure>\n<p><strong>Die heimische Piste<\/strong><\/p>\n<p>Die erste heimische Skipiste befand sich an der &#8222;Brandecke&#8220;. Die einzelnen Grundst\u00fcckseigent\u00fcmer dulteten im Winter die Aus\u00fcbung unseres Sportes. Leider bekamen wir jedoch nach einiger Zeit Probleme mit den Eigent\u00fcmern und wir zogen um auf ein Gel\u00e4nde in der N\u00e4he der Gastwirtschaft Orthen &#8222;Vor der Hohnert&#8220;. Diese war relativ kurz und nicht so steil. Deshalb wichen die K\u00f6nner auch auf &#8222;Orthens scheefe Wiss&#8220; aus. Im Jahre 1959 siedelten wir dann auf das Gel\u00e4nde bei &#8222;Maria am Stein&#8220; um. Hier wurde der erste Lift erbaut und wir lie\u00dfen uns von einem kr\u00e4ftigen Elektromotor wieder in die H\u00f6he bringen. Eine Flutlichtanlage erm\u00f6glichte uns auch das Skifahren in den sp\u00e4ten Abendstunden. In N\u00e4he von diesem Hang (Kalkschlade) rodeten wir noch einen Steilhang, auf dem wir Abfahrtslauf und Rennen durchf\u00fchrten. Im Jahre 1977 war es dann wieder soweit, gro\u00dfes Umziehen war angesagt. Es zog uns wieder an die bekannte &#8222;Brandecke&#8220; zur\u00fcck, weil hier das Gel\u00e4nde viel l\u00e4nger und steiler war. Vor diesem Umzug war jedoch eine sehr gro\u00dfe Arbeit zu bew\u00e4ltigen. Ein Stamm von unerm\u00fcdlichen Clubmitgliedern war in den hei\u00dfen Sommermonaten des Jahres 1976 bis in den Januar 1977 jeden Samstag, oft bereits ab 5.00 Uhr mit Abholzung und Rodung besch\u00e4ftigt. Enorme Erdbewegungen mussten f\u00fcr die 210 Meter lange Lifttrasse durchgef\u00fchrt werden.<\/p>\n<figure id=\"attachment_1209\" aria-describedby=\"caption-attachment-1209\" style=\"width: 500px\" class=\"wp-caption alignnone\"><img loading=\"lazy\" decoding=\"async\" class=\"wp-image-1209\" src=\"http:\/\/www.ski-club-wissen.de\/wordpress\/wp-content\/uploads\/2018\/12\/Scan_Pic0010-300x174.jpg\" alt=\"\" width=\"500\" height=\"289\" srcset=\"https:\/\/www.ski-club-wissen.de\/wordpress\/wp-content\/uploads\/2018\/12\/Scan_Pic0010-300x174.jpg 300w, https:\/\/www.ski-club-wissen.de\/wordpress\/wp-content\/uploads\/2018\/12\/Scan_Pic0010-768x444.jpg 768w, https:\/\/www.ski-club-wissen.de\/wordpress\/wp-content\/uploads\/2018\/12\/Scan_Pic0010.jpg 835w\" sizes=\"auto, (max-width: 500px) 100vw, 500px\" \/><figcaption id=\"caption-attachment-1209\" class=\"wp-caption-text\">Alte Liftanlage<\/figcaption><\/figure>\n<p>In den darauf folgenden Jahren wurden noch bestehende Baumgruppen abgeholzt und die Fl\u00e4che entsprechend pr\u00e4pariert. Dieses diente zur Sicherheit der Skifahrer und erweiterte auch das bisherige Pistenangebot. Wie schon erw\u00e4hnt, hatte man in der Vergangenheit durch verschiedene Ursachen bedingt, mehrmals den Standort der Piste wechseln m\u00fcssen. Als sich die M\u00f6glichkeit bot, das gesamte Gel\u00e4nde von der Landsiedlung zu erwerben, machte man hiervon Gebrauch. Somit war der Standort jetzt auf Dauer gesichert.<\/p>\n<p>An der bestehenden Liftanlage waren die Jahre nicht spurlos vorbeigegangen. F\u00f6rderkapazit\u00e4ten und technische Probleme machten einen Neubau notwendig. Nach umfangreichen Informationen und Beratungen entschied man sich f\u00fcr die Anschaffung eines Tellerschleppliftes. Au\u00dfer der gekauften Anlage war nat\u00fcrlich wieder sehr viel Eigenleistung gefordert. Auch hier waren wieder engagierte Mitglieder bereit, das Geplante zum Wohle der Gemeinschaft zu verwirklichen. So war es dann im November 1994 so weit, dass der neue Lift fertig gestellt und der Schnee kommen konnte.<\/p>\n<figure id=\"attachment_1210\" aria-describedby=\"caption-attachment-1210\" style=\"width: 500px\" class=\"wp-caption alignnone\"><img loading=\"lazy\" decoding=\"async\" class=\"wp-image-1210\" src=\"http:\/\/www.ski-club-wissen.de\/wordpress\/wp-content\/uploads\/2018\/12\/Scan_Pic0011-300x204.jpg\" alt=\"\" width=\"500\" height=\"341\" srcset=\"https:\/\/www.ski-club-wissen.de\/wordpress\/wp-content\/uploads\/2018\/12\/Scan_Pic0011-300x204.jpg 300w, https:\/\/www.ski-club-wissen.de\/wordpress\/wp-content\/uploads\/2018\/12\/Scan_Pic0011-768x523.jpg 768w, https:\/\/www.ski-club-wissen.de\/wordpress\/wp-content\/uploads\/2018\/12\/Scan_Pic0011.jpg 834w\" sizes=\"auto, (max-width: 500px) 100vw, 500px\" \/><figcaption id=\"caption-attachment-1210\" class=\"wp-caption-text\">Neue Liftanlage<\/figcaption><\/figure>\n<p>&nbsp;<\/p>\n<p><strong>Clubheim<\/strong><\/p>\n<p>Da ja Skifahren Hunger und Durst bereitet, wurden bereits in dem Betriebsraum der alten Bergstation W\u00fcrstchen hei\u00df gemacht und Getr\u00e4nke zum Verkauf angeboten. Mancher Marketingexperte h\u00e4tte sich \u00fcber die Ums\u00e4tze im Verh\u00e4ltnis zur Verkaufsfl\u00e4che gewundert.<\/p>\n<p>Hier wurde im Prinzip der Grundstein f\u00fcr eine neue Skih\u00fctte gelegt. Da das bisherige Skiheim in der alten K\u00f6ttinger Stra\u00dfe r\u00e4umlich doch vom Skihang getrennt war, wurde der Plan gefast, auf unserem eigenen Gel\u00e4nde eine neue Bleibe zu bauen.<\/p>\n<p>So waren wieder die Mitglieder aufgefordert in die H\u00e4nde zu spucken und das ehrgeizige Vorhaben zu verwirklichen. Auch hier zeigte es sich wieder, dass zwar viele spucken k\u00f6nnen, aber wenn es um Arbeitseins\u00e4tze geht, es meistens doch nur eine kleine Schar und immer die Selben sind, die Hand anlegen.<\/p>\n<p>Das Ziel wurde erreicht und im Jahr 1981 konnte umgezogen und die Einweihung gefeiert werden.<\/p>\n<p>In der Praxis stellte sich bald heraus, dass die R\u00e4umlichkeiten bei gro\u00dfem Andrang und f\u00fcr Feierlichkeiten nicht ausreichend waren. Also ging man an eine Erweiterung, und so enstand in zwei Bauabschnitten in den Jahren 1988 und 1997 ein Clubheim, dass in puncto Aussehen unf Ausstattung weit \u00fcber unsere Grenzen hinaus Vergleichbares sucht.<\/p>\n<figure id=\"attachment_1211\" aria-describedby=\"caption-attachment-1211\" style=\"width: 500px\" class=\"wp-caption alignleft\"><img loading=\"lazy\" decoding=\"async\" class=\"wp-image-1211\" src=\"http:\/\/www.ski-club-wissen.de\/wordpress\/wp-content\/uploads\/2018\/12\/Scan_Pic0012-300x215.jpg\" alt=\"\" width=\"500\" height=\"359\" srcset=\"https:\/\/www.ski-club-wissen.de\/wordpress\/wp-content\/uploads\/2018\/12\/Scan_Pic0012-300x215.jpg 300w, https:\/\/www.ski-club-wissen.de\/wordpress\/wp-content\/uploads\/2018\/12\/Scan_Pic0012-768x551.jpg 768w, https:\/\/www.ski-club-wissen.de\/wordpress\/wp-content\/uploads\/2018\/12\/Scan_Pic0012.jpg 828w\" sizes=\"auto, (max-width: 500px) 100vw, 500px\" \/><figcaption id=\"caption-attachment-1211\" class=\"wp-caption-text\">Erweiterung Clubheim 1988<\/figcaption><\/figure>\n<figure id=\"attachment_1212\" aria-describedby=\"caption-attachment-1212\" style=\"width: 515px\" class=\"wp-caption alignleft\"><img loading=\"lazy\" decoding=\"async\" class=\"wp-image-1212\" src=\"http:\/\/www.ski-club-wissen.de\/wordpress\/wp-content\/uploads\/2018\/12\/Scan_Pic0013-300x194.jpg\" alt=\"\" width=\"515\" height=\"334\" srcset=\"https:\/\/www.ski-club-wissen.de\/wordpress\/wp-content\/uploads\/2018\/12\/Scan_Pic0013-300x194.jpg 300w, https:\/\/www.ski-club-wissen.de\/wordpress\/wp-content\/uploads\/2018\/12\/Scan_Pic0013-768x497.jpg 768w, https:\/\/www.ski-club-wissen.de\/wordpress\/wp-content\/uploads\/2018\/12\/Scan_Pic0013-540x350.jpg 540w, https:\/\/www.ski-club-wissen.de\/wordpress\/wp-content\/uploads\/2018\/12\/Scan_Pic0013.jpg 826w\" sizes=\"auto, (max-width: 515px) 100vw, 515px\" \/><figcaption id=\"caption-attachment-1212\" class=\"wp-caption-text\">Clubheim nach Fertigstellung<\/figcaption><\/figure>\n<p>&nbsp;<\/p>\n<p>&nbsp;<\/p>\n<p>&nbsp;<\/p>\n<p>&nbsp;<\/p>\n<p>&nbsp;<\/p>\n<p>&nbsp;<\/p>\n<p>&nbsp;<\/p>\n<p>&nbsp;<\/p>\n<p>&nbsp;<\/p>\n<p>&nbsp;<\/p>\n<p>&nbsp;<\/p>\n<p>Skifreizeiten<\/p>\n<p>Wenn zur Winterszeit Frau Holle die heimische Piste pr\u00e4pariert, sind wir froh und dankbar und \u00fcben unseren geliebten Sport dann auch intensiv aus. Mit Ausnahme des<\/p>\n<p>&nbsp;<\/p>\n<p>&nbsp;<\/p>\n<p>Der Ski-Club Wissen hat zur Zeit ca. 570 Mitglieder.<\/p>\n<p>&nbsp;<\/p>\n","protected":false},"excerpt":{"rendered":"<p>&nbsp; Geschichte und Entwicklung &nbsp; Als Anfang der 50-er Jahre sich interessierte Sportler regelm\u00e4\u00dfig zur Aus\u00fcbung des Skilaufs trafen, lag es nahe, dass man dieses in Gemeinschaft eines Vereins aus\u00fcben wollte. Ein Mann der ersten Stunde und federf\u00fchrend hierbei war Karl Stock. Durch seine gro\u00dfe Erfahrung, die er als Ausbilder bei den Gebirgsj\u00e4gern in der&#8230;<\/p>\n","protected":false},"author":1,"featured_media":0,"parent":0,"menu_order":5,"comment_status":"closed","ping_status":"closed","template":"","meta":{"ngg_post_thumbnail":0,"footnotes":""},"class_list":["post-98","page","type-page","status-publish","hentry"],"_links":{"self":[{"href":"https:\/\/www.ski-club-wissen.de\/wordpress\/wp-json\/wp\/v2\/pages\/98","targetHints":{"allow":["GET"]}}],"collection":[{"href":"https:\/\/www.ski-club-wissen.de\/wordpress\/wp-json\/wp\/v2\/pages"}],"about":[{"href":"https:\/\/www.ski-club-wissen.de\/wordpress\/wp-json\/wp\/v2\/types\/page"}],"author":[{"embeddable":true,"href":"https:\/\/www.ski-club-wissen.de\/wordpress\/wp-json\/wp\/v2\/users\/1"}],"replies":[{"embeddable":true,"href":"https:\/\/www.ski-club-wissen.de\/wordpress\/wp-json\/wp\/v2\/comments?post=98"}],"version-history":[{"count":11,"href":"https:\/\/www.ski-club-wissen.de\/wordpress\/wp-json\/wp\/v2\/pages\/98\/revisions"}],"predecessor-version":[{"id":1213,"href":"https:\/\/www.ski-club-wissen.de\/wordpress\/wp-json\/wp\/v2\/pages\/98\/revisions\/1213"}],"wp:attachment":[{"href":"https:\/\/www.ski-club-wissen.de\/wordpress\/wp-json\/wp\/v2\/media?parent=98"}],"curies":[{"name":"wp","href":"https:\/\/api.w.org\/{rel}","templated":true}]}}