{"id":65,"date":"2016-12-05T21:30:56","date_gmt":"2016-12-05T20:30:56","guid":{"rendered":"http:\/\/www.ski-club-wissen.de\/wordpress\/?page_id=65"},"modified":"2025-06-26T21:40:41","modified_gmt":"2025-06-26T19:40:41","slug":"impressum","status":"publish","type":"page","link":"https:\/\/www.ski-club-wissen.de\/wordpress\/aktuelle-nachrichten\/impressum\/","title":{"rendered":"Impressum"},"content":{"rendered":"<p>Angaben gem\u00e4\u00df \u00a7 5 TMG:<\/p>\n<p><strong>Ski Club Wissen e.V.<\/strong><br \/>\nOtto-Hahn-Str. 4<br \/>\n57537 Wissen<\/p>\n<p>Vertreten durch:<\/p>\n<p>1.Vorsitzender:<br \/>\nFrank St\u00f6ver<br \/>\nOtto-Hahn-Str.4<br \/>\n57537 Wissen<\/p>\n<p>Kontakt:<br \/>\nTelefon: +49 (0) 2742 5947<br \/>\nTelefax: +49 (0) 2742 911961<\/p>\n<p>E-Mail: info@ski-club-wissen.de<\/p>\n<p>Registereintrag:<\/p>\n<p>Eintragung im Vereinsregister.<br \/>\nRegistergericht: Amtsgericht Montabaur<br \/>\nRegisternummer: VR 562<br \/>\nUmsatzsteuer-Identifikationsnummer gem\u00e4\u00df \u00a727 a Umsatzsteuergesetz:<br \/>\nDE 148002779<\/p>\n<p>Gl\u00e4ubiger-Identifikationsnummer: DE55SCW00000517153<\/p>\n<p>Wir sind nicht bereit oder verpflichtet, an Streitbeilegungsverfahren vor einer<br \/>\nVerbraucherschlichtungsstelle teilzunehmen.<\/p>\n<p><span style=\"font-size: 12px;\">Haftung f\u00fcr Inhalte<\/span><br \/>\n<span style=\"font-size: 12px;\">Als Diensteanbieter sind wir gem\u00e4\u00df \u00a7 7 Abs.1 TMG f\u00fcr eigene Inhalte auf diesen Seiten nach den <\/span><span style=\"font-size: 12px;\">allgemeinen Gesetzen verantwortlich. Nach \u00a7\u00a7 8 bis 10 TMG sind wir als Diensteanbieter jedoch nicht <\/span><span style=\"font-size: 12px;\">verpflichtet, \u00fcbermittelte oder gespeicherte fremde Informationen zu \u00fcberwachen oder nach Umst\u00e4nden <\/span><span style=\"font-size: 12px;\">zu forschen, die auf eine rechtswidrige T\u00e4tigkeit hinweisen. <\/span><span style=\"font-size: 12px;\">Verpflichtungen zur Entfernung oder Sperrung der Nutzung von Informationen nach den allgemeinen <\/span><span style=\"font-size: 12px;\">Gesetzen bleiben hiervon unber\u00fchrt. Eine diesbez\u00fcgliche Haftung ist jedoch erst ab dem Zeitpunkt der <\/span><span style=\"font-size: 12px;\">Kenntnis einer konkreten Rechtsverletzung m\u00f6glich. Bei Bekanntwerden von entsprechenden <\/span><span style=\"font-size: 12px;\">Rechtsverletzungen werden wir diese Inhalte umgehend entfernen.<\/span><\/p>\n<p><span style=\"font-size: 12px;\">Haftung f\u00fcr Links<\/span><br \/>\n<span style=\"font-size: 12px;\">Unser Angebot enth\u00e4lt Links zu externen Webseiten Dritter, auf deren Inhalte wir keinen Einfluss haben. <\/span><span style=\"font-size: 12px;\">Deshalb k\u00f6nnen wir f\u00fcr diese fremden Inhalte auch keine Gew\u00e4hr \u00fcbernehmen. F\u00fcr die Inhalte der <\/span><span style=\"font-size: 12px;\">verlinkten Seiten ist stets der jeweilige Anbieter oder Betreiber der Seiten verantwortlich. Die verlinkten <\/span><span style=\"font-size: 12px;\">Seiten wurden zum Zeitpunkt der Verlinkung auf m\u00f6gliche Rechtsverst\u00f6\u00dfe \u00fcberpr\u00fcft. Rechtswidrige <\/span><span style=\"font-size: 12px;\">Inhalte waren zum Zeitpunkt der Verlinkung nicht erkennbar. <\/span><span style=\"font-size: 12px;\">Eine permanente inhaltliche Kontrolle der verlinkten Seiten ist jedoch ohne konkrete Anhaltspunkte einer <\/span><span style=\"font-size: 12px;\">Rechtsverletzung nicht zumutbar. Bei Bekanntwerden von Rechtsverletzungen werden wir derartige Links <\/span><span style=\"font-size: 12px;\">umgehend entfernen.<\/span><\/p>\n<p><span style=\"font-size: 12px;\">Urheberrecht<\/span><br \/>\n<span style=\"font-size: 12px;\">Die durch die Seitenbetreiber erstellten Inhalte und Werke auf diesen Seiten unterliegen dem deutschen <\/span><span style=\"font-size: 12px;\">Urheberrecht. Die Vervielf\u00e4ltigung, Bearbeitung, Verbreitung und jede Art der Verwertung au\u00dferhalb der <\/span><span style=\"font-size: 12px;\">Grenzen des Urheberrechtes bed\u00fcrfen der schriftlichen Zustimmung des jeweiligen Autors bzw. <\/span><span style=\"font-size: 12px;\">Erstellers. Downloads und Kopien dieser Seite sind nur f\u00fcr den privaten, nicht kommerziellen Gebrauch <\/span><span style=\"font-size: 12px;\">gestattet. <\/span><span style=\"font-size: 12px;\">Soweit die Inhalte auf dieser Seite nicht vom Betreiber erstellt wurden, werden die Urheberrechte Dritter <\/span><span style=\"font-size: 12px;\">beachtet. Insbesondere werden Inhalte Dritter als solche gekennzeichnet. Sollten Sie trotzdem auf eine <\/span><span style=\"font-size: 12px;\">Urheberrechtsverletzung aufmerksam werden, bitten wir um einen entsprechenden Hinweis. Bei <\/span><span style=\"font-size: 12px;\">Bekanntwerden von Rechtsverletzungen werden wir derartige Inhalte umgehend entfernen.<\/span><\/p>\n","protected":false},"excerpt":{"rendered":"<p>Angaben gem\u00e4\u00df \u00a7 5 TMG: Ski Club Wissen e.V. Otto-Hahn-Str. 4 57537 Wissen Vertreten durch: 1.Vorsitzender: Frank St\u00f6ver Otto-Hahn-Str.4 57537 Wissen Kontakt: Telefon: +49 (0) 2742 5947 Telefax: +49 (0) 2742 911961 E-Mail: info@ski-club-wissen.de Registereintrag: Eintragung im Vereinsregister. Registergericht: Amtsgericht Montabaur Registernummer: VR 562 Umsatzsteuer-Identifikationsnummer gem\u00e4\u00df \u00a727 a Umsatzsteuergesetz: DE 148002779 Gl\u00e4ubiger-Identifikationsnummer: DE55SCW00000517153 Wir sind&#8230;<\/p>\n","protected":false},"author":1,"featured_media":0,"parent":54,"menu_order":22,"comment_status":"closed","ping_status":"closed","template":"","meta":{"ngg_post_thumbnail":0,"footnotes":""},"class_list":["post-65","page","type-page","status-publish","hentry"],"_links":{"self":[{"href":"https:\/\/www.ski-club-wissen.de\/wordpress\/wp-json\/wp\/v2\/pages\/65","targetHints":{"allow":["GET"]}}],"collection":[{"href":"https:\/\/www.ski-club-wissen.de\/wordpress\/wp-json\/wp\/v2\/pages"}],"about":[{"href":"https:\/\/www.ski-club-wissen.de\/wordpress\/wp-json\/wp\/v2\/types\/page"}],"author":[{"embeddable":true,"href":"https:\/\/www.ski-club-wissen.de\/wordpress\/wp-json\/wp\/v2\/users\/1"}],"replies":[{"embeddable":true,"href":"https:\/\/www.ski-club-wissen.de\/wordpress\/wp-json\/wp\/v2\/comments?post=65"}],"version-history":[{"count":4,"href":"https:\/\/www.ski-club-wissen.de\/wordpress\/wp-json\/wp\/v2\/pages\/65\/revisions"}],"predecessor-version":[{"id":423,"href":"https:\/\/www.ski-club-wissen.de\/wordpress\/wp-json\/wp\/v2\/pages\/65\/revisions\/423"}],"up":[{"embeddable":true,"href":"https:\/\/www.ski-club-wissen.de\/wordpress\/wp-json\/wp\/v2\/pages\/54"}],"wp:attachment":[{"href":"https:\/\/www.ski-club-wissen.de\/wordpress\/wp-json\/wp\/v2\/media?parent=65"}],"curies":[{"name":"wp","href":"https:\/\/api.w.org\/{rel}","templated":true}]}}