{"id":405,"date":"2017-09-06T18:34:05","date_gmt":"2017-09-06T16:34:05","guid":{"rendered":"http:\/\/www.ski-club-wissen.de\/wordpress\/?page_id=405"},"modified":"2024-10-20T09:11:01","modified_gmt":"2024-10-20T07:11:01","slug":"vereinsfahrten","status":"publish","type":"page","link":"https:\/\/www.ski-club-wissen.de\/wordpress\/vereinsfahrten\/","title":{"rendered":"Vereinsfahrten"},"content":{"rendered":"<p>J\u00e4hrlich bieten wir verschiedene Vereinsfahrten f\u00fcr unsere Mitglieder an. N\u00e4here Infos erhaltet Ihr durch unseren jeweiligen Ausschreibungen, die wir per Email an euch versenden und auf der Homepage ver\u00f6ffentlichen.<\/p>\n<p>&nbsp;<\/p>\n<p><img loading=\"lazy\" decoding=\"async\" class=\"alignleft wp-image-49\" src=\"http:\/\/www.ski-club-wissen.de\/wordpress\/wp-content\/uploads\/2016\/12\/favicon-iphone.png\" alt=\"favicon-iphone\" width=\"25\" height=\"25\"><\/p>\n<p><strong>Ski-Freizeit nach Zell am See.<\/strong><\/p>\n<p>Jedes Jahr findet unsere gro\u00dfe Skifreizeit nach Zell am See statt.&nbsp; F\u00fcr eine Woche gastieren wir im <a href=\"https:\/\/www.alpenblick.at\/de\/\" target=\"_blank\" rel=\"noopener\">Hotel Sportressort Alpenblick<\/a>, und je nach Schneelage nutzen wir das <a href=\"https:\/\/www.schmitten.at\/de\/Winter-Bergerlebnis\/Skigebiet-Schmitten\" target=\"_blank\" rel=\"noopener\">Skigebiet Schmitten<\/a>&nbsp; oder den schneesicheren&nbsp; <a href=\"https:\/\/www.zellamsee-kaprun.com\/de\/landingpage\/winterstart?gclid=EAIaIQobChMI0OLZ3rL08wIVUOrtCh3QCQcREAAYASAAEgIHNPD_BwE\" target=\"_blank\" rel=\"noopener\">Gletscher in Kaprun<\/a>.<\/p>\n<p>&nbsp;<\/p>\n<p><img loading=\"lazy\" decoding=\"async\" class=\"alignleft wp-image-49\" src=\"http:\/\/www.ski-club-wissen.de\/wordpress\/wp-content\/uploads\/2016\/12\/favicon-iphone.png\" alt=\"favicon-iphone\" width=\"25\" height=\"25\"><\/p>\n<p><strong>Wandern im Herbst<\/strong><\/p>\n<p>Ende September geht es regelm\u00e4\u00dfig zu einem verl\u00e4ngerten Wochenende in die Berge .Wir starten mitwochsmorgens ganz in der Fr\u00fche, damit wir schon am Anreisetag mit einer Wanderung starten k\u00f6nnen.&nbsp; Wir&nbsp; nutzen die folgenden Tage zu ausgiebigen Touren, bevor wir uns am Sonntag wieder auf den Heimweg machen.<\/p>\n<p>&nbsp;<\/p>\n","protected":false},"excerpt":{"rendered":"<p>J\u00e4hrlich bieten wir verschiedene Vereinsfahrten f\u00fcr unsere Mitglieder an. N\u00e4here Infos erhaltet Ihr durch unseren jeweiligen Ausschreibungen, die wir per Email an euch versenden und auf der Homepage ver\u00f6ffentlichen. &nbsp; Ski-Freizeit nach Zell am See. Jedes Jahr findet unsere gro\u00dfe Skifreizeit nach Zell am See statt.&nbsp; F\u00fcr eine Woche gastieren wir im Hotel Sportressort Alpenblick,&#8230;<\/p>\n","protected":false},"author":1,"featured_media":0,"parent":0,"menu_order":0,"comment_status":"closed","ping_status":"closed","template":"","meta":{"ngg_post_thumbnail":0,"footnotes":""},"class_list":["post-405","page","type-page","status-publish","hentry"],"_links":{"self":[{"href":"https:\/\/www.ski-club-wissen.de\/wordpress\/wp-json\/wp\/v2\/pages\/405","targetHints":{"allow":["GET"]}}],"collection":[{"href":"https:\/\/www.ski-club-wissen.de\/wordpress\/wp-json\/wp\/v2\/pages"}],"about":[{"href":"https:\/\/www.ski-club-wissen.de\/wordpress\/wp-json\/wp\/v2\/types\/page"}],"author":[{"embeddable":true,"href":"https:\/\/www.ski-club-wissen.de\/wordpress\/wp-json\/wp\/v2\/users\/1"}],"replies":[{"embeddable":true,"href":"https:\/\/www.ski-club-wissen.de\/wordpress\/wp-json\/wp\/v2\/comments?post=405"}],"version-history":[{"count":18,"href":"https:\/\/www.ski-club-wissen.de\/wordpress\/wp-json\/wp\/v2\/pages\/405\/revisions"}],"predecessor-version":[{"id":4046,"href":"https:\/\/www.ski-club-wissen.de\/wordpress\/wp-json\/wp\/v2\/pages\/405\/revisions\/4046"}],"wp:attachment":[{"href":"https:\/\/www.ski-club-wissen.de\/wordpress\/wp-json\/wp\/v2\/media?parent=405"}],"curies":[{"name":"wp","href":"https:\/\/api.w.org\/{rel}","templated":true}]}}