{"id":124,"date":"2016-12-06T10:50:58","date_gmt":"2016-12-06T09:50:58","guid":{"rendered":"http:\/\/www.ski-club-wissen.de\/wordpress\/?page_id=124"},"modified":"2018-11-11T14:30:22","modified_gmt":"2018-11-11T13:30:22","slug":"hallensport","status":"publish","type":"page","link":"https:\/\/www.ski-club-wissen.de\/wordpress\/hallensport\/","title":{"rendered":"Fitnesssport und Gesundheit"},"content":{"rendered":"<p>Donnerstags von 20.00-21.00 Uhr in der Turnhalle der Grundschule Wissen.<br \/>\n&#8222;Bewegung\u201c ist eine Grundlage f\u00fcr ein gesundes Leben in einer immer \u00e4lter werdenden und bewegungs\u00e4rmeren Gesellschaft. Hier leistet der Ski-Club-Wissen seinen Beitrag mit dem Angebot -Fitness f\u00fcr Jedermann- Donnerstags von 20:00-21:00 Uhr in der Turnhalle der Grundschule Wissen. Mit unserem neuen Kleinger\u00e4t Togu-Brasils (eine mit Metall-Sandgemisch gef\u00fcllte Mini-Hantel 270g) das zu jeder \u00dcbungseinheit wie Aerobic, Step-Aerobic, Pilates sowie auch f\u00fcr die Ski-Gymnastik eingesetzt werden kann, trainieren wir die Tiefenmuskulatur des Rumpfes, den Beckenboden,tiefer Bauchmuskel und Musculi multifidi, das sind strangf\u00f6rmige R\u00fcckenmuskeln, die unter anderem die Wirbels\u00e4ule stabilisieren.Weiterhin wird durch Mini-Moves oder kleine Hackbewegungen die Figur geformt, was uns Frauen besonders freut.<\/p>\n<p>Kommt und macht mit !<\/p>\n<p>Wir freuen uns auf jeden neuen Teilnehmer, der Lust und Spa\u00df an Bewegung in der Gemeinschaft hat.<\/p>\n<p>Bergit Wolff &#8211; \u00dcbungsleiterin Breitensport<\/p>\n","protected":false},"excerpt":{"rendered":"<p>Donnerstags von 20.00-21.00 Uhr in der Turnhalle der Grundschule Wissen. &#8222;Bewegung\u201c ist eine Grundlage f\u00fcr ein gesundes Leben in einer immer \u00e4lter werdenden und bewegungs\u00e4rmeren Gesellschaft. Hier leistet der Ski-Club-Wissen seinen Beitrag mit dem Angebot -Fitness f\u00fcr Jedermann- Donnerstags von 20:00-21:00 Uhr in der Turnhalle der Grundschule Wissen. Mit unserem neuen Kleinger\u00e4t Togu-Brasils (eine mit&#8230;<\/p>\n","protected":false},"author":1,"featured_media":0,"parent":0,"menu_order":14,"comment_status":"closed","ping_status":"closed","template":"","meta":{"ngg_post_thumbnail":0,"footnotes":""},"class_list":["post-124","page","type-page","status-publish","hentry"],"_links":{"self":[{"href":"https:\/\/www.ski-club-wissen.de\/wordpress\/wp-json\/wp\/v2\/pages\/124","targetHints":{"allow":["GET"]}}],"collection":[{"href":"https:\/\/www.ski-club-wissen.de\/wordpress\/wp-json\/wp\/v2\/pages"}],"about":[{"href":"https:\/\/www.ski-club-wissen.de\/wordpress\/wp-json\/wp\/v2\/types\/page"}],"author":[{"embeddable":true,"href":"https:\/\/www.ski-club-wissen.de\/wordpress\/wp-json\/wp\/v2\/users\/1"}],"replies":[{"embeddable":true,"href":"https:\/\/www.ski-club-wissen.de\/wordpress\/wp-json\/wp\/v2\/comments?post=124"}],"version-history":[{"count":10,"href":"https:\/\/www.ski-club-wissen.de\/wordpress\/wp-json\/wp\/v2\/pages\/124\/revisions"}],"predecessor-version":[{"id":879,"href":"https:\/\/www.ski-club-wissen.de\/wordpress\/wp-json\/wp\/v2\/pages\/124\/revisions\/879"}],"wp:attachment":[{"href":"https:\/\/www.ski-club-wissen.de\/wordpress\/wp-json\/wp\/v2\/media?parent=124"}],"curies":[{"name":"wp","href":"https:\/\/api.w.org\/{rel}","templated":true}]}}