{"id":122,"date":"2016-12-06T10:50:41","date_gmt":"2016-12-06T09:50:41","guid":{"rendered":"http:\/\/www.ski-club-wissen.de\/wordpress\/?page_id=122"},"modified":"2021-11-08T19:53:36","modified_gmt":"2021-11-08T18:53:36","slug":"dsv-skischule","status":"publish","type":"page","link":"https:\/\/www.ski-club-wissen.de\/wordpress\/dsv-skischule\/","title":{"rendered":"DSV-Skischule"},"content":{"rendered":"<p><img loading=\"lazy\" decoding=\"async\" class=\" wp-image-512 alignright\" src=\"http:\/\/www.ski-club-wissen.de\/wordpress\/wp-content\/uploads\/2016\/12\/DSV-Skischule-300x83.jpg\" alt=\"DSV-Skischule\" width=\"394\" height=\"109\" srcset=\"https:\/\/www.ski-club-wissen.de\/wordpress\/wp-content\/uploads\/2016\/12\/DSV-Skischule-300x83.jpg 300w, https:\/\/www.ski-club-wissen.de\/wordpress\/wp-content\/uploads\/2016\/12\/DSV-Skischule.jpg 407w\" sizes=\"auto, (max-width: 394px) 100vw, 394px\" \/><\/p>\n<p>Der Verein betreibt eine vom DSV anerkannte Skischule.<\/p>\n<p><strong>Termine:<br \/>\n<\/strong>Dienstag und Donnerstag ab 18.00 Uhr, Samstag &amp; Sonntag ab 14.00 Uhr.<br \/>\nEinzelstunden nach Vereinbarung!<\/p>\n<p>Preise<\/p>\n<p><strong>Mitglieder der DSV-Skischule:<br \/>\n<\/strong>\n<table id=\"tablepress-3\" class=\"tablepress tablepress-id-3\">\n<tbody>\n<tr class=\"row-1\">\n\t<td class=\"column-1\"><strong>Skischulleiter<\/strong><\/td><td class=\"column-2\">Gereon Simon<\/td>\n<\/tr>\n<tr class=\"row-2\">\n\t<td class=\"column-1\"><strong>DSV-Skilehrer<\/strong><\/td><td class=\"column-2\">Bertram Stausberg, Max Sanktjohanser<\/td>\n<\/tr>\n<tr class=\"row-3\">\n\t<td class=\"column-1\"><strong>DSV-Instructor<\/strong><\/td><td class=\"column-2\">Gereon Simon, Georg Stausberg, Ludger Stausberg, Kerstin Brachtendorf, Bernd Brucherseifer, Frank M\u00fcnch, Sebastian Nilius, Peter Dieck<\/td>\n<\/tr>\n<tr class=\"row-4\">\n\t<td class=\"column-1\"><strong>DSV-Basic-Instructror<\/strong><\/td><td class=\"column-2\">Ulrike Ramseger, Thorsten K\u00e4mpf, Simone B\u00f6sen, Matthias Schmitz, Henning Schmitz, Sven Paulsen, Finn D\u00f6ring, Christina D\u00f6ring, Sophia Winters, Laura K\u00e4mpf, Simon Stausberg, Clara Escher<\/td>\n<\/tr>\n<tr class=\"row-5\">\n\t<td class=\"column-1\"><strong>DSV-Nordic Walking<\/strong><\/td><td class=\"column-2\">Waltraud Paulsen, Bergit Wolf<\/td>\n<\/tr>\n<tr class=\"row-6\">\n\t<td class=\"column-1\"><strong>DSV-Nordisch<\/strong><\/td><td class=\"column-2\">Bergit Wolf<\/td>\n<\/tr>\n<\/tbody>\n<\/table>\n<!-- #tablepress-3 from cache --><\/p>\n<p>S\u00e4mtliche Lehrkr\u00e4fte unterziehen sich st\u00e4ndiger Fortbildung und sind somit bestens f\u00fcr den Einsatz auf dem Skihang und den Freizeiten des Vereins geeignet Anf\u00e4ngern den Schneesport beizubringen und fortgeschrittenen Skil\u00e4ufern das Fahrk\u00f6nnen zu verbessern.<\/p>\n<p>Kontakt: <a href=\"mailto:skischule@ski-club-wissen.de\">skischule@ski-club-wissen.de<\/a><\/p>\n<p>&nbsp;<\/p>\n","protected":false},"excerpt":{"rendered":"<p>Der Verein betreibt eine vom DSV anerkannte Skischule. Termine: Dienstag und Donnerstag ab 18.00 Uhr, Samstag &amp; Sonntag ab 14.00 Uhr. Einzelstunden nach Vereinbarung! Preise Mitglieder der DSV-Skischule: S\u00e4mtliche Lehrkr\u00e4fte unterziehen sich st\u00e4ndiger Fortbildung und sind somit bestens f\u00fcr den Einsatz auf dem Skihang und den Freizeiten des Vereins geeignet Anf\u00e4ngern den Schneesport beizubringen und&#8230;<\/p>\n","protected":false},"author":1,"featured_media":0,"parent":0,"menu_order":13,"comment_status":"closed","ping_status":"closed","template":"","meta":{"ngg_post_thumbnail":0,"footnotes":""},"class_list":["post-122","page","type-page","status-publish","hentry"],"_links":{"self":[{"href":"https:\/\/www.ski-club-wissen.de\/wordpress\/wp-json\/wp\/v2\/pages\/122","targetHints":{"allow":["GET"]}}],"collection":[{"href":"https:\/\/www.ski-club-wissen.de\/wordpress\/wp-json\/wp\/v2\/pages"}],"about":[{"href":"https:\/\/www.ski-club-wissen.de\/wordpress\/wp-json\/wp\/v2\/types\/page"}],"author":[{"embeddable":true,"href":"https:\/\/www.ski-club-wissen.de\/wordpress\/wp-json\/wp\/v2\/users\/1"}],"replies":[{"embeddable":true,"href":"https:\/\/www.ski-club-wissen.de\/wordpress\/wp-json\/wp\/v2\/comments?post=122"}],"version-history":[{"count":25,"href":"https:\/\/www.ski-club-wissen.de\/wordpress\/wp-json\/wp\/v2\/pages\/122\/revisions"}],"predecessor-version":[{"id":3698,"href":"https:\/\/www.ski-club-wissen.de\/wordpress\/wp-json\/wp\/v2\/pages\/122\/revisions\/3698"}],"wp:attachment":[{"href":"https:\/\/www.ski-club-wissen.de\/wordpress\/wp-json\/wp\/v2\/media?parent=122"}],"curies":[{"name":"wp","href":"https:\/\/api.w.org\/{rel}","templated":true}]}}