{"id":1152,"date":"2018-11-11T14:26:06","date_gmt":"2018-11-11T13:26:06","guid":{"rendered":"http:\/\/www.ski-club-wissen.de\/wordpress\/?page_id=1152"},"modified":"2021-10-31T11:25:14","modified_gmt":"2021-10-31T10:25:14","slug":"akrobatik","status":"publish","type":"page","link":"https:\/\/www.ski-club-wissen.de\/wordpress\/akrobatik\/","title":{"rendered":"Akrobatik"},"content":{"rendered":"<p>In der Akrobatik wird als \u201eSportger\u00e4t\u201c haupts\u00e4chlich der eigene K\u00f6rper eingesetzt und in spielerischen Bewegungsabl\u00e4ufen und \u2013aufgaben ganz anders gefordert als beim \u201enormalen\u201c Turnen. Die besondere Herausforderung ist das gemeinsame Entwickeln und Bauen von Figuren, sowie das Spiel mit dem Gleichgewicht und der Schwerkraft.<br \/>\nIn der altersgemischten Gruppe k\u00f6nnen Teilnehmer zwischen 10 und 60 Jahren ihre Kreativit\u00e4t und Geschicklichkeit einbringen. Das erfahrene Trainerteam um Bianca Allendorf leitet die Teilnehmer routiniert an und verspricht einen abwechslungsreichen Unterricht. Das Training findet immer donnerstags von 18:00 bis 20:00 Uhr&nbsp; in der Turnhalle der Franziskus-Grundschule in Wissen statt.<br \/>\nAnmeldung und weitere Infos bei Bianca Allendorf, Tel. 02292\/6042239 oder per E-Mail: <a href=\"mailto:akrobatik@ski-club-wissen.de\">akrobatik@ski-club-wissen.de<\/a><\/p>\n","protected":false},"excerpt":{"rendered":"<p>In der Akrobatik wird als \u201eSportger\u00e4t\u201c haupts\u00e4chlich der eigene K\u00f6rper eingesetzt und in spielerischen Bewegungsabl\u00e4ufen und \u2013aufgaben ganz anders gefordert als beim \u201enormalen\u201c Turnen. Die besondere Herausforderung ist das gemeinsame Entwickeln und Bauen von Figuren, sowie das Spiel mit dem Gleichgewicht und der Schwerkraft. In der altersgemischten Gruppe k\u00f6nnen Teilnehmer zwischen 10 und 60 Jahren&#8230;<\/p>\n","protected":false},"author":4,"featured_media":0,"parent":0,"menu_order":0,"comment_status":"closed","ping_status":"closed","template":"","meta":{"ngg_post_thumbnail":0,"footnotes":""},"class_list":["post-1152","page","type-page","status-publish","hentry"],"_links":{"self":[{"href":"https:\/\/www.ski-club-wissen.de\/wordpress\/wp-json\/wp\/v2\/pages\/1152","targetHints":{"allow":["GET"]}}],"collection":[{"href":"https:\/\/www.ski-club-wissen.de\/wordpress\/wp-json\/wp\/v2\/pages"}],"about":[{"href":"https:\/\/www.ski-club-wissen.de\/wordpress\/wp-json\/wp\/v2\/types\/page"}],"author":[{"embeddable":true,"href":"https:\/\/www.ski-club-wissen.de\/wordpress\/wp-json\/wp\/v2\/users\/4"}],"replies":[{"embeddable":true,"href":"https:\/\/www.ski-club-wissen.de\/wordpress\/wp-json\/wp\/v2\/comments?post=1152"}],"version-history":[{"count":2,"href":"https:\/\/www.ski-club-wissen.de\/wordpress\/wp-json\/wp\/v2\/pages\/1152\/revisions"}],"predecessor-version":[{"id":3692,"href":"https:\/\/www.ski-club-wissen.de\/wordpress\/wp-json\/wp\/v2\/pages\/1152\/revisions\/3692"}],"wp:attachment":[{"href":"https:\/\/www.ski-club-wissen.de\/wordpress\/wp-json\/wp\/v2\/media?parent=1152"}],"curies":[{"name":"wp","href":"https:\/\/api.w.org\/{rel}","templated":true}]}}