{"id":114,"date":"2016-12-06T10:48:00","date_gmt":"2016-12-06T09:48:00","guid":{"rendered":"http:\/\/www.ski-club-wissen.de\/wordpress\/?page_id=114"},"modified":"2026-01-04T20:08:55","modified_gmt":"2026-01-04T19:08:55","slug":"info-zum-skihang","status":"publish","type":"page","link":"https:\/\/www.ski-club-wissen.de\/wordpress\/info-zum-skihang\/","title":{"rendered":"Infos zum Skihang"},"content":{"rendered":"<p>Das Skigebiet Wissen befindet sich im Westerwald (Deutschland, Weitere Mittelgebirge).<br \/>\nZum Skifahren und Snowboarden stehen 1 km Pisten zur Verf\u00fcgung. Ein Lift bef\u00f6rdert die G\u00e4ste.<br \/>\nDas Wintersportgebiet liegt auf einer H\u00f6he von 210 bis 267 m. Das Skigebiet Wissen ist vermutlich das am niedrigsten gelegene voll beschneite Skigebiet Deutschlands. Daher kann man hier trotz der H\u00f6henlage von nur gut 200 Metern in den meisten Wintern mehrere Wochen Skifahren. Das vom Ski-Club Wissen e.V. betriebene Areal verf\u00fcgt zudem \u00fcber eine Flutlichtanlage, Pistenraupe, Skih\u00fctte und einen modernen Tellerlift.<\/p>\n<p>Webcam : <a href=\"https:\/\/bikepark-wissen.de\/webcam\/\">https:\/\/bikepark-wissen.de\/webcam\/<\/a><\/p>\n<p><strong>Anreise:<\/strong><br \/>\nMit \u00f6ffentlichen Verkehrsmitteln:<br \/>\nBahnlinie RE 9 K\u00f6ln-Siegen; Mo-Fr Buslinie 256 vom Bahnhof Wissen zur Haltestelle K\u00f6ttingen\/Paffrather Str. ; 450m Fussweg<br \/>\n<a href=\"https:\/\/www.vrminfo.de\/fileadmin\/data\/pdf\/fahrplanbuecher\/2025\/faltplaene\/256_FPL.pdf\">https:\/\/www.vrminfo.de\/fileadmin\/data\/pdf\/fahrplanbuecher\/2025\/faltplaene\/256_FPL.pdf&nbsp;<\/a><br \/>\n&nbsp;<\/p>\n<p>&nbsp;<\/p>\n<p><strong>Liftbetrieb<\/strong> bei entsprechenden Wetterverh\u00e4ltnissen:<br \/>\nWochentags ab 15.00 Uhr bis 20.00 Uhr unter Flutlicht.<br \/>\nSamstags&nbsp; &amp; Sonntags ab 11.00 Uhr bis 20.00 Uhr unter Flutlicht.<\/p>\n<p><strong>Liftpreise:<\/strong><br \/>\nSaisonkarten (nur f\u00fcr Mitglieder)<br \/>\nf\u00fcr Sch\u00fcler u. Jugendliche (bis zum 18.Lebensjahr ) ist die Saisonkarte kostenlos<br \/>\nErwachsene: 30,00 \u20ac<\/p>\n<p>Tageskarten<br \/>\nMitglieder:&nbsp; &nbsp;10,00 \u20ac<br \/>\nNichtmitglieder:&nbsp; 20,00 \u20ac<\/p>\n<p>12-er Karten<br \/>\nMitglieder: 6,00 \u20ac<br \/>\nNichtmitglieder: 12,00 \u20ac<\/p>\n<figure id=\"attachment_304\" aria-describedby=\"caption-attachment-304\" style=\"width: 640px\" class=\"wp-caption alignleft\"><a href=\"http:\/\/www.ski-club-wissen.de\/wordpress\/wp-content\/uploads\/2016\/12\/slider001.jpg\"><img loading=\"lazy\" decoding=\"async\" class=\"wp-image-304 size-large\" src=\"http:\/\/www.ski-club-wissen.de\/wordpress\/wp-content\/uploads\/2016\/12\/slider001-1024x296.jpg\" width=\"640\" height=\"185\" srcset=\"https:\/\/www.ski-club-wissen.de\/wordpress\/wp-content\/uploads\/2016\/12\/slider001-1024x296.jpg 1024w, https:\/\/www.ski-club-wissen.de\/wordpress\/wp-content\/uploads\/2016\/12\/slider001-300x87.jpg 300w, https:\/\/www.ski-club-wissen.de\/wordpress\/wp-content\/uploads\/2016\/12\/slider001-768x222.jpg 768w, https:\/\/www.ski-club-wissen.de\/wordpress\/wp-content\/uploads\/2016\/12\/slider001.jpg 1900w\" sizes=\"auto, (max-width: 640px) 100vw, 640px\" \/><\/a><figcaption id=\"caption-attachment-304\" class=\"wp-caption-text\">Skihang des SC-Wissen, Foto: P.-J. Steinke<\/figcaption><\/figure>\n","protected":false},"excerpt":{"rendered":"<p>Das Skigebiet Wissen befindet sich im Westerwald (Deutschland, Weitere Mittelgebirge). Zum Skifahren und Snowboarden stehen 1 km Pisten zur Verf\u00fcgung. Ein Lift bef\u00f6rdert die G\u00e4ste. Das Wintersportgebiet liegt auf einer H\u00f6he von 210 bis 267 m. Das Skigebiet Wissen ist vermutlich das am niedrigsten gelegene voll beschneite Skigebiet Deutschlands. Daher kann man hier trotz der&#8230;<\/p>\n","protected":false},"author":1,"featured_media":0,"parent":0,"menu_order":7,"comment_status":"closed","ping_status":"closed","template":"","meta":{"ngg_post_thumbnail":0,"footnotes":""},"class_list":["post-114","page","type-page","status-publish","hentry"],"_links":{"self":[{"href":"https:\/\/www.ski-club-wissen.de\/wordpress\/wp-json\/wp\/v2\/pages\/114","targetHints":{"allow":["GET"]}}],"collection":[{"href":"https:\/\/www.ski-club-wissen.de\/wordpress\/wp-json\/wp\/v2\/pages"}],"about":[{"href":"https:\/\/www.ski-club-wissen.de\/wordpress\/wp-json\/wp\/v2\/types\/page"}],"author":[{"embeddable":true,"href":"https:\/\/www.ski-club-wissen.de\/wordpress\/wp-json\/wp\/v2\/users\/1"}],"replies":[{"embeddable":true,"href":"https:\/\/www.ski-club-wissen.de\/wordpress\/wp-json\/wp\/v2\/comments?post=114"}],"version-history":[{"count":24,"href":"https:\/\/www.ski-club-wissen.de\/wordpress\/wp-json\/wp\/v2\/pages\/114\/revisions"}],"predecessor-version":[{"id":4157,"href":"https:\/\/www.ski-club-wissen.de\/wordpress\/wp-json\/wp\/v2\/pages\/114\/revisions\/4157"}],"wp:attachment":[{"href":"https:\/\/www.ski-club-wissen.de\/wordpress\/wp-json\/wp\/v2\/media?parent=114"}],"curies":[{"name":"wp","href":"https:\/\/api.w.org\/{rel}","templated":true}]}}